{"id":2,"date":"2018-01-22T14:59:01","date_gmt":"2018-01-22T13:59:01","guid":{"rendered":"http:\/\/v2.borie-aubrac.com\/?page_id=2"},"modified":"2020-12-01T09:47:04","modified_gmt":"2020-12-01T08:47:04","slug":"accueil","status":"publish","type":"page","link":"https:\/\/borie-aubrac.com\/en\/","title":{"rendered":"Homepage"},"content":{"rendered":"<div class=\"container\">\n<div class=\"row mt-4\">\n<div class=\"col-12 col-md-4 text-justify\">\n<p>La Borie de l\u00b4Aubrac welcomes you all year round in a warm and family atmosphere right in the heart of l\u00b4Aubrac, a region of Lozere. In the way of St. James and close to Nasbinals, five rooms of great comfort with beautiful views overlooking the high plain of l\u00b4Aubrac and a hosting table, are waiting for you.<\/p>\n<\/div>\n<div class=\"col-12 col-md-5\">\n<div class=\"row text-center\">\n<div class=\"col-12 col-md-12\">\n<p style=\"text-align: center;\">Famille Mouliade Sunyer<\/p>\n<\/div>\n<\/div>\n<div class=\"row align-items-center justify-content-center text-center\">\n<div class=\"col-sm\">\n<figure><img title=\"repos\" src=\"https:\/\/borie-aubrac.com\/wp-content\/uploads\/2018\/01\/repos.gif\" alt=\"Repos\"><\/figure>\n<h4>Elegance<\/h4>\n<\/div>\n<div class=\"col-sm\">\n<figure><img title=\"detente\" src=\"https:\/\/borie-aubrac.com\/wp-content\/uploads\/2018\/01\/detente.gif\" alt=\"D\u00e9tente\"><\/figure>\n<h4>wellness<\/h4>\n<\/div>\n<div class=\"col-sm\">\n<figure><img title=\"convivialite\" src=\"https:\/\/borie-aubrac.com\/wp-content\/uploads\/2018\/01\/convivialite.gif\" alt=\"Convivialit\u00e9\"><\/figure>\n<h4>Charm<\/h4>\n<\/div>\n<\/div>\n<\/div>\n<div class=\"col-12 col-md-3 text-center\">\n<h5>Access<\/h5>\n<p><a class=\"hover-effect\" href=\"https:\/\/borie-aubrac.com\/en\/acces\/\"><br \/>\n<img class=\"img-fluid m-auto\" src=\"https:\/\/borie-aubrac.com\/wp-content\/uploads\/2018\/01\/france-comment-venir.png\"><br \/>\n<\/a><\/p>\n<\/div>\n<\/div>\n<\/div>","protected":false},"excerpt":{"rendered":"<p>La Borie de l\u00b4Aubrac welcomes you all year round in a warm and family atmosphere right in the heart of l\u00b4Aubrac, a region of Lozere. In the way of St. James and close to Nasbinals, five rooms of great comfort with beautiful views overlooking the high plain of l\u00b4Aubrac and a hosting table, are waiting [&hellip;]<\/p>\n","protected":false},"author":2,"featured_media":0,"parent":0,"menu_order":0,"comment_status":"closed","ping_status":"open","template":"","meta":{"kt_blocks_editor_width":""},"yoast_head":"<!-- This site is optimized with the Yoast SEO plugin v15.3 - https:\/\/yoast.com\/wordpress\/plugins\/seo\/ -->\n<title>(Fran\u00e7ais) La Borie de l&#039;Aubrac | Table et Chambres d&#039;H\u00f4tes de charme en Loz\u00e8re<\/title>\n<meta name=\"robots\" content=\"index, follow, max-snippet:-1, max-image-preview:large, max-video-preview:-1\" \/>\n<link rel=\"canonical\" href=\"https:\/\/borie-aubrac.com\/\" \/>\n<meta property=\"og:locale\" content=\"en_US\" \/>\n<meta property=\"og:type\" content=\"article\" \/>\n<meta property=\"og:title\" content=\"[:fr] La Borie de l&#039;Aubrac | Table et Chambres d&#039;H\u00f4tes de charme en Loz\u00e8re [:]\" \/>\n<meta property=\"og:description\" content=\"La Borie de l\u00b4Aubrac welcomes you all year round in a warm and family atmosphere right in the heart of l\u00b4Aubrac, a region of Lozere. In the way of St. James and close to Nasbinals, five rooms of great comfort with beautiful views overlooking the high plain of l\u00b4Aubrac and a hosting table, are waiting [&hellip;]\" \/>\n<meta property=\"og:url\" content=\"https:\/\/borie-aubrac.com\/\" \/>\n<meta property=\"og:site_name\" content=\"La Borie de l&#039;Aubrac\" \/>\n<meta property=\"article:modified_time\" content=\"2020-12-01T08:47:04+00:00\" \/>\n<meta property=\"og:image\" content=\"https:\/\/borie-aubrac.com\/wp-content\/uploads\/2018\/01\/repos.gif\" \/>\n<meta name=\"twitter:card\" content=\"summary_large_image\" \/>\n<meta name=\"twitter:label1\" content=\"Written by\">\n\t<meta name=\"twitter:data1\" content=\"imago\">\n\t<meta name=\"twitter:label2\" content=\"Est. reading time\">\n\t<meta name=\"twitter:data2\" content=\"1 minute\">\n<script type=\"application\/ld+json\" class=\"yoast-schema-graph\">{\"@context\":\"https:\/\/schema.org\",\"@graph\":[{\"@type\":\"WebSite\",\"@id\":\"https:\/\/borie-aubrac.com\/#website\",\"url\":\"https:\/\/borie-aubrac.com\/\",\"name\":\"La Borie de l&#039;Aubrac\",\"description\":\"Un site utilisant WordPress\",\"potentialAction\":[{\"@type\":\"SearchAction\",\"target\":\"https:\/\/borie-aubrac.com\/?s={search_term_string}\",\"query-input\":\"required name=search_term_string\"}],\"inLanguage\":\"en-US\"},{\"@type\":\"ImageObject\",\"@id\":\"https:\/\/borie-aubrac.com\/#primaryimage\",\"inLanguage\":\"en-US\",\"url\":\"https:\/\/borie-aubrac.com\/wp-content\/uploads\/2018\/01\/repos.gif\",\"width\":111,\"height\":112,\"caption\":\"Repos\"},{\"@type\":\"WebPage\",\"@id\":\"https:\/\/borie-aubrac.com\/#webpage\",\"url\":\"https:\/\/borie-aubrac.com\/\",\"name\":\"[:fr] La Borie de l&#039;Aubrac | Table et Chambres d'H\\u00f4tes de charme en Loz\\u00e8re [:]\",\"isPartOf\":{\"@id\":\"https:\/\/borie-aubrac.com\/#website\"},\"primaryImageOfPage\":{\"@id\":\"https:\/\/borie-aubrac.com\/#primaryimage\"},\"datePublished\":\"2018-01-22T13:59:01+00:00\",\"dateModified\":\"2020-12-01T08:47:04+00:00\",\"inLanguage\":\"en-US\",\"potentialAction\":[{\"@type\":\"ReadAction\",\"target\":[\"https:\/\/borie-aubrac.com\/\"]}]}]}<\/script>\n<!-- \/ Yoast SEO plugin. -->","_links":{"self":[{"href":"https:\/\/borie-aubrac.com\/en\/wp-json\/wp\/v2\/pages\/2"}],"collection":[{"href":"https:\/\/borie-aubrac.com\/en\/wp-json\/wp\/v2\/pages"}],"about":[{"href":"https:\/\/borie-aubrac.com\/en\/wp-json\/wp\/v2\/types\/page"}],"author":[{"embeddable":true,"href":"https:\/\/borie-aubrac.com\/en\/wp-json\/wp\/v2\/users\/2"}],"replies":[{"embeddable":true,"href":"https:\/\/borie-aubrac.com\/en\/wp-json\/wp\/v2\/comments?post=2"}],"version-history":[{"count":40,"href":"https:\/\/borie-aubrac.com\/en\/wp-json\/wp\/v2\/pages\/2\/revisions"}],"predecessor-version":[{"id":444,"href":"https:\/\/borie-aubrac.com\/en\/wp-json\/wp\/v2\/pages\/2\/revisions\/444"}],"wp:attachment":[{"href":"https:\/\/borie-aubrac.com\/en\/wp-json\/wp\/v2\/media?parent=2"}],"curies":[{"name":"wp","href":"https:\/\/api.w.org\/{rel}","templated":true}]}}