{"id":14,"date":"2018-01-22T15:15:07","date_gmt":"2018-01-22T14:15:07","guid":{"rendered":"http:\/\/v2.borie-aubrac.com\/?page_id=14"},"modified":"2024-05-30T09:45:10","modified_gmt":"2024-05-30T07:45:10","slug":"aubrac-lozere-chambre","status":"publish","type":"page","link":"https:\/\/borie-aubrac.com\/es\/aubrac-lozere-chambre\/","title":{"rendered":"Aubrac"},"content":{"rendered":"<h2 class=\"has-text-align-center\">D\u00e9couverte en vid\u00e9os<\/h2>\n\n\n\n<div class=\"wp-block-columns\">\n<div class=\"wp-block-column\">\n<figure class=\"wp-block-embed-youtube wp-block-embed is-type-video is-provider-youtube wp-embed-aspect-16-9 wp-has-aspect-ratio\"><div class=\"wp-block-embed__wrapper\">\n<iframe title=\"L&#039;Aubrac en Loz\u00e8re\" width=\"640\" height=\"360\" src=\"https:\/\/www.youtube.com\/embed\/eygtGhDlGmE?feature=oembed\" frameborder=\"0\" allow=\"accelerometer; autoplay; clipboard-write; encrypted-media; gyroscope; picture-in-picture; web-share\" referrerpolicy=\"strict-origin-when-cross-origin\" allowfullscreen><\/iframe>\n<\/div><\/figure>\n<\/div>\n\n\n\n<div class=\"wp-block-column\">\n<figure class=\"wp-block-embed-youtube wp-block-embed is-type-video is-provider-youtube wp-embed-aspect-16-9 wp-has-aspect-ratio\"><div class=\"wp-block-embed__wrapper\">\n<iframe title=\"AUBRAC Terre de traditions\" width=\"640\" height=\"360\" src=\"https:\/\/www.youtube.com\/embed\/itqSHTeJK3g?feature=oembed\" frameborder=\"0\" allow=\"accelerometer; autoplay; clipboard-write; encrypted-media; gyroscope; picture-in-picture; web-share\" referrerpolicy=\"strict-origin-when-cross-origin\" allowfullscreen><\/iframe>\n<\/div><\/figure>\n<\/div>\n\n\n\n<div class=\"wp-block-column\">\n<figure class=\"wp-block-embed-youtube wp-block-embed is-type-video is-provider-youtube wp-embed-aspect-16-9 wp-has-aspect-ratio\"><div class=\"wp-block-embed__wrapper\">\n<iframe title=\"AUBRAC Nature infinie\" width=\"640\" height=\"360\" src=\"https:\/\/www.youtube.com\/embed\/goN1mhHT1rU?feature=oembed\" frameborder=\"0\" allow=\"accelerometer; autoplay; clipboard-write; encrypted-media; gyroscope; picture-in-picture; web-share\" referrerpolicy=\"strict-origin-when-cross-origin\" allowfullscreen><\/iframe>\n<\/div><\/figure>\n<\/div>\n<\/div>\n\n\n<div class=\"su-row flex-center-ba\"><div class=\"su-column su-column-size-1-2 text-justify\"><div class=\"su-column-inner su-u-clearfix su-u-trim\">Tierra ins\u00f3lita donde reina la luz del cielo, los grandes espacios \u2026<\/p>\n<p>Tierra de acogida e intercambio donde el hombre vive en plena naturaleza.<\/p>\n<p>Tierra de cultura y de tradiciones donde una raza es su joya.<\/p>\n<\/div><\/div> <div class=\"su-column su-column-size-1-2 text-justify\"><div class=\"su-column-inner su-u-clearfix su-u-trim\">\n<p>Tierra de excursiones y paseos (Cascada de D\u00e9roc, Camino de Santiago de Compostela, ruta de los lagos\u2026), de patrimonio (Iglesia de Nasbinals, Puente de Marchastel, Castillo de la Baume, Domerie d\u2019Aubrac, \u2026), de ocio (bicicleta, esqu\u00ed, caballo, pesca\u2026), de gastronom\u00eda (aligot, fouace, queso A.O.C. Laguiole, carne Aubrac\u2026).<\/p>\n<\/div><\/div><\/div>","protected":false},"excerpt":{"rendered":"<p>Disculpa, pero esta entrada est\u00e1 disponible s\u00f3lo en Franc\u00e9s.<\/p>\n","protected":false},"author":2,"featured_media":0,"parent":0,"menu_order":0,"comment_status":"closed","ping_status":"closed","template":"","meta":{"kt_blocks_editor_width":""},"yoast_head":"<!-- This site is optimized with the Yoast SEO plugin v15.3 - https:\/\/yoast.com\/wordpress\/plugins\/seo\/ -->\n<title>Aubrac | La Borie de l&#039;Aubrac<\/title>\n<meta name=\"robots\" content=\"index, follow, max-snippet:-1, max-image-preview:large, max-video-preview:-1\" \/>\n<link rel=\"canonical\" href=\"https:\/\/borie-aubrac.com\/aubrac-lozere-chambre\/\" \/>\n<meta property=\"og:locale\" content=\"es_ES\" \/>\n<meta property=\"og:type\" content=\"article\" \/>\n<meta property=\"og:title\" content=\"Aubrac | La Borie de l&#039;Aubrac\" \/>\n<meta property=\"og:description\" content=\"Disculpa, pero esta entrada est\u00e1 disponible s\u00f3lo en Franc\u00e9s.\" \/>\n<meta property=\"og:url\" content=\"https:\/\/borie-aubrac.com\/aubrac-lozere-chambre\/\" \/>\n<meta property=\"og:site_name\" content=\"La Borie de l&#039;Aubrac\" \/>\n<meta property=\"article:modified_time\" content=\"2024-05-30T07:45:10+00:00\" \/>\n<meta name=\"twitter:card\" content=\"summary_large_image\" \/>\n<meta name=\"twitter:label1\" content=\"Escrito por\">\n\t<meta name=\"twitter:data1\" content=\"imago\">\n\t<meta name=\"twitter:label2\" content=\"Tiempo de lectura\">\n\t<meta name=\"twitter:data2\" content=\"3 minutos\">\n<script type=\"application\/ld+json\" class=\"yoast-schema-graph\">{\"@context\":\"https:\/\/schema.org\",\"@graph\":[{\"@type\":\"WebSite\",\"@id\":\"https:\/\/borie-aubrac.com\/#website\",\"url\":\"https:\/\/borie-aubrac.com\/\",\"name\":\"La Borie de l&#039;Aubrac\",\"description\":\"Un site utilisant WordPress\",\"potentialAction\":[{\"@type\":\"SearchAction\",\"target\":\"https:\/\/borie-aubrac.com\/?s={search_term_string}\",\"query-input\":\"required name=search_term_string\"}],\"inLanguage\":\"es\"},{\"@type\":\"WebPage\",\"@id\":\"https:\/\/borie-aubrac.com\/aubrac-lozere-chambre\/#webpage\",\"url\":\"https:\/\/borie-aubrac.com\/aubrac-lozere-chambre\/\",\"name\":\"Aubrac | La Borie de l&#039;Aubrac\",\"isPartOf\":{\"@id\":\"https:\/\/borie-aubrac.com\/#website\"},\"datePublished\":\"2018-01-22T14:15:07+00:00\",\"dateModified\":\"2024-05-30T07:45:10+00:00\",\"inLanguage\":\"es\",\"potentialAction\":[{\"@type\":\"ReadAction\",\"target\":[\"https:\/\/borie-aubrac.com\/aubrac-lozere-chambre\/\"]}]}]}<\/script>\n<!-- \/ Yoast SEO plugin. -->","_links":{"self":[{"href":"https:\/\/borie-aubrac.com\/es\/wp-json\/wp\/v2\/pages\/14"}],"collection":[{"href":"https:\/\/borie-aubrac.com\/es\/wp-json\/wp\/v2\/pages"}],"about":[{"href":"https:\/\/borie-aubrac.com\/es\/wp-json\/wp\/v2\/types\/page"}],"author":[{"embeddable":true,"href":"https:\/\/borie-aubrac.com\/es\/wp-json\/wp\/v2\/users\/2"}],"replies":[{"embeddable":true,"href":"https:\/\/borie-aubrac.com\/es\/wp-json\/wp\/v2\/comments?post=14"}],"version-history":[{"count":20,"href":"https:\/\/borie-aubrac.com\/es\/wp-json\/wp\/v2\/pages\/14\/revisions"}],"predecessor-version":[{"id":666,"href":"https:\/\/borie-aubrac.com\/es\/wp-json\/wp\/v2\/pages\/14\/revisions\/666"}],"wp:attachment":[{"href":"https:\/\/borie-aubrac.com\/es\/wp-json\/wp\/v2\/media?parent=14"}],"curies":[{"name":"wp","href":"https:\/\/api.w.org\/{rel}","templated":true}]}}