{"id":16,"date":"2018-01-22T15:16:05","date_gmt":"2018-01-22T14:16:05","guid":{"rendered":"http:\/\/v2.borie-aubrac.com\/?page_id=16"},"modified":"2026-01-09T11:58:37","modified_gmt":"2026-01-09T10:58:37","slug":"tarifs-lozere-chambre","status":"publish","type":"page","link":"https:\/\/borie-aubrac.com\/es\/tarifs-lozere-chambre\/","title":{"rendered":"Precios"},"content":{"rendered":"<div class=\"su-row\"><div class=\"su-column su-column-size-1-2 text-justify\"><div class=\"su-column-inner su-u-clearfix su-u-trim\">\n<p>El precio es por noche y para dos personas (desayuno incluido) :<\/p>\n<ul>\n<li>B\u00e8s et Gamba\u00efse : 120 \u20ac<\/li>\n<li>Marchastel : 135 \u20ac<\/li>\n<li>Boukinkan : 135 \u20ac, con Carrouquet 190 \u20ac<\/li>\n<li>D\u00e9roc: 150 \u20ac<\/li>\n<\/ul>\n<p>Cama supletoria : 30 \u20ac<\/p>\n<p>Tasa tur\u00edstica : 0.60 \u20ac por adulto y por d\u00eda<\/p>\n<\/div><\/div> <div class=\"su-column su-column-size-1-2 text-justify\"><div class=\"su-column-inner su-u-clearfix su-u-trim\">\n<p>La mesa de hu\u00e9spedes se debe reservar como m\u00ednimo 48 h de antelaci\u00f3n, se sirve a las 19:30 y se cierra los mi\u00e9rcoles y los domingos : 40 \u20ac por persona (plato, queso, postres, aperitivo, vino, agua y caf\u00e9 incluido). Ni\u00f1os de menos de 12 a\u00f1os : 10 \u20ac.<\/p>\n<p>No se aceptaran animales a partir del 2023.<\/p>\n<p>Las llegadas son a partir de 16h00 y salidas antes de las 11h00.<\/p>\n<\/div><\/div><\/div>","protected":false},"excerpt":{"rendered":"","protected":false},"author":2,"featured_media":0,"parent":0,"menu_order":0,"comment_status":"closed","ping_status":"closed","template":"","meta":{"kt_blocks_editor_width":""},"yoast_head":"<!-- This site is optimized with the Yoast SEO plugin v15.3 - https:\/\/yoast.com\/wordpress\/plugins\/seo\/ -->\n<title>Precios | La Borie de l&#039;Aubrac<\/title>\n<meta name=\"robots\" content=\"index, follow, max-snippet:-1, max-image-preview:large, max-video-preview:-1\" \/>\n<link rel=\"canonical\" href=\"https:\/\/borie-aubrac.com\/tarifs-lozere-chambre\/\" \/>\n<meta property=\"og:locale\" content=\"es_ES\" \/>\n<meta property=\"og:type\" content=\"article\" \/>\n<meta property=\"og:title\" content=\"Precios | La Borie de l&#039;Aubrac\" \/>\n<meta property=\"og:url\" content=\"https:\/\/borie-aubrac.com\/tarifs-lozere-chambre\/\" \/>\n<meta property=\"og:site_name\" content=\"La Borie de l&#039;Aubrac\" \/>\n<meta property=\"article:modified_time\" content=\"2026-01-09T10:58:37+00:00\" \/>\n<meta name=\"twitter:card\" content=\"summary_large_image\" \/>\n<meta name=\"twitter:label1\" content=\"Escrito por\">\n\t<meta name=\"twitter:data1\" content=\"imago\">\n\t<meta name=\"twitter:label2\" content=\"Tiempo de lectura\">\n\t<meta name=\"twitter:data2\" content=\"2 minutos\">\n<script type=\"application\/ld+json\" class=\"yoast-schema-graph\">{\"@context\":\"https:\/\/schema.org\",\"@graph\":[{\"@type\":\"WebSite\",\"@id\":\"https:\/\/borie-aubrac.com\/#website\",\"url\":\"https:\/\/borie-aubrac.com\/\",\"name\":\"La Borie de l&#039;Aubrac\",\"description\":\"Un site utilisant WordPress\",\"potentialAction\":[{\"@type\":\"SearchAction\",\"target\":\"https:\/\/borie-aubrac.com\/?s={search_term_string}\",\"query-input\":\"required name=search_term_string\"}],\"inLanguage\":\"es\"},{\"@type\":\"WebPage\",\"@id\":\"https:\/\/borie-aubrac.com\/tarifs-lozere-chambre\/#webpage\",\"url\":\"https:\/\/borie-aubrac.com\/tarifs-lozere-chambre\/\",\"name\":\"Precios | La Borie de l&#039;Aubrac\",\"isPartOf\":{\"@id\":\"https:\/\/borie-aubrac.com\/#website\"},\"datePublished\":\"2018-01-22T14:16:05+00:00\",\"dateModified\":\"2026-01-09T10:58:37+00:00\",\"inLanguage\":\"es\",\"potentialAction\":[{\"@type\":\"ReadAction\",\"target\":[\"https:\/\/borie-aubrac.com\/tarifs-lozere-chambre\/\"]}]}]}<\/script>\n<!-- \/ Yoast SEO plugin. -->","_links":{"self":[{"href":"https:\/\/borie-aubrac.com\/es\/wp-json\/wp\/v2\/pages\/16"}],"collection":[{"href":"https:\/\/borie-aubrac.com\/es\/wp-json\/wp\/v2\/pages"}],"about":[{"href":"https:\/\/borie-aubrac.com\/es\/wp-json\/wp\/v2\/types\/page"}],"author":[{"embeddable":true,"href":"https:\/\/borie-aubrac.com\/es\/wp-json\/wp\/v2\/users\/2"}],"replies":[{"embeddable":true,"href":"https:\/\/borie-aubrac.com\/es\/wp-json\/wp\/v2\/comments?post=16"}],"version-history":[{"count":57,"href":"https:\/\/borie-aubrac.com\/es\/wp-json\/wp\/v2\/pages\/16\/revisions"}],"predecessor-version":[{"id":732,"href":"https:\/\/borie-aubrac.com\/es\/wp-json\/wp\/v2\/pages\/16\/revisions\/732"}],"wp:attachment":[{"href":"https:\/\/borie-aubrac.com\/es\/wp-json\/wp\/v2\/media?parent=16"}],"curies":[{"name":"wp","href":"https:\/\/api.w.org\/{rel}","templated":true}]}}