{"id":20,"date":"2018-01-22T15:22:02","date_gmt":"2018-01-22T14:22:02","guid":{"rendered":"http:\/\/v2.borie-aubrac.com\/?page_id=20"},"modified":"2024-05-30T09:09:11","modified_gmt":"2024-05-30T07:09:11","slug":"mentions-legales","status":"publish","type":"page","link":"https:\/\/borie-aubrac.com\/es\/mentions-legales\/","title":{"rendered":"Mentions L\u00e9gales"},"content":{"rendered":"<p class=\"qtranxs-available-languages-message qtranxs-available-languages-message-es\">Disculpa, pero esta entrada est\u00e1 disponible s\u00f3lo en <a href=\"https:\/\/borie-aubrac.com\/fr\/wp-json\/wp\/v2\/pages\/20\" class=\"qtranxs-available-language-link qtranxs-available-language-link-fr\" title=\"Fran\u00e7ais\">Franc\u00e9s<\/a>.<\/p>","protected":false},"excerpt":{"rendered":"<p>Disculpa, pero esta entrada est\u00e1 disponible s\u00f3lo en Franc\u00e9s.<\/p>\n","protected":false},"author":2,"featured_media":0,"parent":0,"menu_order":0,"comment_status":"closed","ping_status":"closed","template":"","meta":{"kt_blocks_editor_width":""},"yoast_head":"<!-- This site is optimized with the Yoast SEO plugin v15.3 - https:\/\/yoast.com\/wordpress\/plugins\/seo\/ -->\n<title>Mentions L\u00e9gales | La Borie de l&#039;Aubrac<\/title>\n<meta name=\"robots\" content=\"index, follow, max-snippet:-1, max-image-preview:large, max-video-preview:-1\" \/>\n<link rel=\"canonical\" href=\"https:\/\/borie-aubrac.com\/mentions-legales\/\" \/>\n<meta property=\"og:locale\" content=\"es_ES\" \/>\n<meta property=\"og:type\" content=\"article\" \/>\n<meta property=\"og:title\" content=\"Mentions L\u00e9gales | La Borie de l&#039;Aubrac\" \/>\n<meta property=\"og:description\" content=\"Disculpa, pero esta entrada est\u00e1 disponible s\u00f3lo en Franc\u00e9s.\" \/>\n<meta property=\"og:url\" content=\"https:\/\/borie-aubrac.com\/mentions-legales\/\" \/>\n<meta property=\"og:site_name\" content=\"La Borie de l&#039;Aubrac\" \/>\n<meta property=\"article:modified_time\" content=\"2024-05-30T07:09:11+00:00\" \/>\n<meta name=\"twitter:card\" content=\"summary_large_image\" \/>\n<meta name=\"twitter:label1\" content=\"Escrito por\">\n\t<meta name=\"twitter:data1\" content=\"imago\">\n\t<meta name=\"twitter:label2\" content=\"Tiempo de lectura\">\n\t<meta name=\"twitter:data2\" content=\"6 minutos\">\n<script type=\"application\/ld+json\" class=\"yoast-schema-graph\">{\"@context\":\"https:\/\/schema.org\",\"@graph\":[{\"@type\":\"WebSite\",\"@id\":\"https:\/\/borie-aubrac.com\/#website\",\"url\":\"https:\/\/borie-aubrac.com\/\",\"name\":\"La Borie de l&#039;Aubrac\",\"description\":\"Un site utilisant WordPress\",\"potentialAction\":[{\"@type\":\"SearchAction\",\"target\":\"https:\/\/borie-aubrac.com\/?s={search_term_string}\",\"query-input\":\"required name=search_term_string\"}],\"inLanguage\":\"es\"},{\"@type\":\"WebPage\",\"@id\":\"https:\/\/borie-aubrac.com\/mentions-legales\/#webpage\",\"url\":\"https:\/\/borie-aubrac.com\/mentions-legales\/\",\"name\":\"Mentions L\\u00e9gales | La Borie de l&#039;Aubrac\",\"isPartOf\":{\"@id\":\"https:\/\/borie-aubrac.com\/#website\"},\"datePublished\":\"2018-01-22T14:22:02+00:00\",\"dateModified\":\"2024-05-30T07:09:11+00:00\",\"inLanguage\":\"es\",\"potentialAction\":[{\"@type\":\"ReadAction\",\"target\":[\"https:\/\/borie-aubrac.com\/mentions-legales\/\"]}]}]}<\/script>\n<!-- \/ Yoast SEO plugin. -->","_links":{"self":[{"href":"https:\/\/borie-aubrac.com\/es\/wp-json\/wp\/v2\/pages\/20"}],"collection":[{"href":"https:\/\/borie-aubrac.com\/es\/wp-json\/wp\/v2\/pages"}],"about":[{"href":"https:\/\/borie-aubrac.com\/es\/wp-json\/wp\/v2\/types\/page"}],"author":[{"embeddable":true,"href":"https:\/\/borie-aubrac.com\/es\/wp-json\/wp\/v2\/users\/2"}],"replies":[{"embeddable":true,"href":"https:\/\/borie-aubrac.com\/es\/wp-json\/wp\/v2\/comments?post=20"}],"version-history":[{"count":4,"href":"https:\/\/borie-aubrac.com\/es\/wp-json\/wp\/v2\/pages\/20\/revisions"}],"predecessor-version":[{"id":656,"href":"https:\/\/borie-aubrac.com\/es\/wp-json\/wp\/v2\/pages\/20\/revisions\/656"}],"wp:attachment":[{"href":"https:\/\/borie-aubrac.com\/es\/wp-json\/wp\/v2\/media?parent=20"}],"curies":[{"name":"wp","href":"https:\/\/api.w.org\/{rel}","templated":true}]}}